{"id":40508,"date":"2025-11-11T15:47:03","date_gmt":"2025-11-11T21:47:03","guid":{"rendered":"https:\/\/dsp.facmed.unam.mx\/?page_id=40508"},"modified":"2025-11-21T10:46:38","modified_gmt":"2025-11-21T16:46:38","slug":"cnto","status":"publish","type":"page","link":"https:\/\/dsp.facmed.unam.mx\/index.php\/cnto\/","title":{"rendered":"Contacto"},"content":{"rendered":"[et_pb_section fb_built=&#8221;1&#8243; custom_padding_last_edited=&#8221;on|phone&#8221; admin_label=&#8221;Header&#8221; _builder_version=&#8221;4.27.4&#8243; _module_preset=&#8221;default&#8221; background_image=&#8221;https:\/\/dsp.facmed.unam.mx\/wp-content\/uploads\/2022\/03\/ge\u0301nero.jpg&#8221; custom_padding=&#8221;6vw||6vw||true|false&#8221; custom_padding_tablet=&#8221;7vw||7vw||true|false&#8221; custom_padding_phone=&#8221;10vw||10vw||true|false&#8221; da_disable_devices=&#8221;off|off|off&#8221; locked=&#8221;off&#8221; collapsed=&#8221;on&#8221; global_colors_info=&#8221;{}&#8221; da_is_popup=&#8221;off&#8221; da_exit_intent=&#8221;off&#8221; da_has_close=&#8221;on&#8221; da_alt_close=&#8221;off&#8221; da_dark_close=&#8221;off&#8221; da_not_modal=&#8221;on&#8221; da_is_singular=&#8221;off&#8221; da_with_loader=&#8221;off&#8221; da_has_shadow=&#8221;on&#8221;][et_pb_row custom_padding_last_edited=&#8221;on|phone&#8221; _builder_version=&#8221;4.27.4&#8243; _module_preset=&#8221;default&#8221; background_color=&#8221;rgba(199,162,232,0.72)&#8221; custom_margin=&#8221;0px||||false|false&#8221; custom_padding=&#8221;30px|30px|30px|30px|false|true&#8221; custom_padding_tablet=&#8221;18px||18px||false|true&#8221; custom_padding_phone=&#8221;8px||8px||false|true&#8221; border_radii=&#8221;on|10px|10px|10px|10px&#8221; global_colors_info=&#8221;{}&#8221;][et_pb_column type=&#8221;4_4&#8243; _builder_version=&#8221;4.20.0&#8243; _module_preset=&#8221;default&#8221; global_colors_info=&#8221;{}&#8221;][et_pb_text _builder_version=&#8221;4.27.4&#8243; _module_preset=&#8221;bf76ae06-9974-46cc-b305-ac4b0131f712&#8243; text_font=&#8221;ABeeZee||||||||&#8221; text_text_color=&#8221;#1053ce&#8221; text_font_size=&#8221;47px&#8221; header_text_color=&#8221;#FFFFFF&#8221; text_orientation=&#8221;center&#8221; text_font_size_tablet=&#8221;38px&#8221; text_font_size_phone=&#8221;22px&#8221; text_font_size_last_edited=&#8221;on|phone&#8221; global_colors_info=&#8221;{}&#8221;]\n<p>Contacto<\/p>\n[\/et_pb_text][\/et_pb_column][\/et_pb_row][\/et_pb_section][et_pb_section fb_built=&#8221;1&#8243; admin_label=&#8221;Contact Info&#8221; _builder_version=&#8221;4.27.4&#8243; _module_preset=&#8221;default&#8221; background_color=&#8221;RGBA(255,255,255,0)&#8221; use_background_color_gradient=&#8221;on&#8221; background_color_gradient_stops=&#8221;#2dafe2 2%|#bb8bc6 64%&#8221; background_enable_image=&#8221;off&#8221; top_divider_color=&#8221;#ffffff&#8221; top_divider_height=&#8221;58px&#8221; top_divider_height_tablet=&#8221;34px&#8221; top_divider_height_phone=&#8221;23px&#8221; top_divider_height_last_edited=&#8221;on|phone&#8221; bottom_divider_style=&#8221;waves2&#8243; bottom_divider_color=&#8221;#ffffff&#8221; bottom_divider_height=&#8221;41px&#8221; bottom_divider_height_tablet=&#8221;42px&#8221; bottom_divider_height_phone=&#8221;31px&#8221; bottom_divider_height_last_edited=&#8221;on|desktop&#8221; da_disable_devices=&#8221;off|off|off&#8221; collapsed=&#8221;on&#8221; global_colors_info=&#8221;{}&#8221; da_is_popup=&#8221;off&#8221; da_exit_intent=&#8221;off&#8221; da_has_close=&#8221;on&#8221; da_alt_close=&#8221;off&#8221; da_dark_close=&#8221;off&#8221; da_not_modal=&#8221;on&#8221; da_is_singular=&#8221;off&#8221; da_with_loader=&#8221;off&#8221; da_has_shadow=&#8221;on&#8221;][et_pb_row column_structure=&#8221;1_3,1_3,1_3&#8243; make_equal=&#8221;on&#8221; custom_padding_last_edited=&#8221;on|phone&#8221; _builder_version=&#8221;4.27.4&#8243; _module_preset=&#8221;default&#8221; width_tablet=&#8221;44%&#8221; width_phone=&#8221;47%&#8221; width_last_edited=&#8221;on|phone&#8221; custom_margin=&#8221;0px||0px||false|false&#8221; custom_padding=&#8221;100px||80px||false|false&#8221; custom_padding_tablet=&#8221;66px||71px||false|false&#8221; custom_padding_phone=&#8221;63px||||false|false&#8221; global_colors_info=&#8221;{}&#8221;][et_pb_column type=&#8221;1_3&#8243; _builder_version=&#8221;4.27.4&#8243; _module_preset=&#8221;default&#8221; background_color=&#8221;#ffffff&#8221; custom_padding=&#8221;29px||46px||false|false&#8221; custom_padding_tablet=&#8221;28px|0px||0px|false|false&#8221; custom_padding_phone=&#8221;28px|0px||0px|false|false&#8221; custom_padding_last_edited=&#8221;on|tablet&#8221; animation_style=&#8221;zoom&#8221; border_radii=&#8221;on|15px|15px|15px|15px&#8221; border_radii_tablet=&#8221;on|15px|15px|15px|15px&#8221; border_radii_phone=&#8221;on|16px|16px|16px|16px&#8221; border_radii_last_edited=&#8221;on|phone&#8221; box_shadow_style=&#8221;preset1&#8243; box_shadow_blur=&#8221;19px&#8221; global_colors_info=&#8221;{}&#8221;][et_pb_icon font_icon=&#8221;&#xe090;||divi||400&#8243; icon_width_tablet=&#8221;12px&#8221; icon_width_phone=&#8221;10px&#8221; icon_width_last_edited=&#8221;on|phone&#8221; _builder_version=&#8221;4.27.4&#8243; _module_preset=&#8221;8dfba446-336a-4e47-9a91-acc92e9bad74&#8243; background_color=&#8221;#ca352c&#8221; custom_margin=&#8221;||10px||false|false&#8221; locked=&#8221;off&#8221; global_colors_info=&#8221;{}&#8221;][\/et_pb_icon][et_pb_text _builder_version=&#8221;4.27.4&#8243; _module_preset=&#8221;997ecc2a-fec9-45db-bb2b-8075d0f8323c&#8221; text_font=&#8221;ABeeZee||||||||&#8221; text_text_color=&#8221;#1194E0&#8243; link_text_color=&#8221;#FFFFFF&#8221; text_orientation=&#8221;center&#8221; text_text_color_tablet=&#8221;#1194E0&#8243; text_text_color_phone=&#8221;#1194E0&#8243; text_text_color_last_edited=&#8221;on|phone&#8221; text_font_size_tablet=&#8221;14px&#8221; text_font_size_phone=&#8221;12px&#8221; text_font_size_last_edited=&#8221;on|phone&#8221; global_colors_info=&#8221;{}&#8221;]\n<p>(255) 352-6258<\/p>\n[\/et_pb_text][\/et_pb_column][et_pb_column type=&#8221;1_3&#8243; _builder_version=&#8221;4.27.4&#8243; _module_preset=&#8221;default&#8221; background_color=&#8221;#ffffff&#8221; custom_padding=&#8221;30px|12px||12px|false|false&#8221; animation_style=&#8221;zoom&#8221; border_radii=&#8221;on|20px|20px|20px|20px&#8221; global_colors_info=&#8221;{}&#8221;][et_pb_icon font_icon=&#8221;&#xe076;||divi||400&#8243; icon_width_tablet=&#8221;12px&#8221; icon_width_phone=&#8221;10px&#8221; icon_width_last_edited=&#8221;on|phone&#8221; _builder_version=&#8221;4.27.4&#8243; _module_preset=&#8221;8dfba446-336a-4e47-9a91-acc92e9bad74&#8243; background_color=&#8221;#ca352c&#8221; custom_margin=&#8221;||10px||false|false&#8221; locked=&#8221;off&#8221; global_colors_info=&#8221;{}&#8221;][\/et_pb_icon][et_pb_text _builder_version=&#8221;4.27.4&#8243; _module_preset=&#8221;997ecc2a-fec9-45db-bb2b-8075d0f8323c&#8221; text_font=&#8221;ABeeZee||||||||&#8221; text_text_color=&#8221;#1194E0&#8243; link_text_color=&#8221;#FFFFFF&#8221; text_orientation=&#8221;center&#8221; text_font_size_tablet=&#8221;14px&#8221; text_font_size_phone=&#8221;12px&#8221; text_font_size_last_edited=&#8221;on|phone&#8221; global_colors_info=&#8221;{}&#8221;]\n<p>prog_estudios.genero.salud@facmed.unam.mx<\/p>\n[\/et_pb_text][\/et_pb_column][et_pb_column type=&#8221;1_3&#8243; _builder_version=&#8221;4.27.4&#8243; _module_preset=&#8221;default&#8221; background_color=&#8221;#ffffff&#8221; custom_padding=&#8221;26px|10px|13px|4px|false|false&#8221; animation_style=&#8221;zoom&#8221; border_radii=&#8221;on|14px|14px|14px|14px&#8221; box_shadow_style=&#8221;preset1&#8243; global_colors_info=&#8221;{}&#8221;][et_pb_icon font_icon=&#8221;&#xe081;||divi||400&#8243; icon_width_tablet=&#8221;12px&#8221; icon_width_phone=&#8221;10px&#8221; icon_width_last_edited=&#8221;on|phone&#8221; _builder_version=&#8221;4.27.4&#8243; _module_preset=&#8221;8dfba446-336a-4e47-9a91-acc92e9bad74&#8243; background_color=&#8221;#ca352c&#8221; custom_margin=&#8221;||10px||false|false&#8221; locked=&#8221;off&#8221; global_colors_info=&#8221;{}&#8221;][\/et_pb_icon][et_pb_text _builder_version=&#8221;4.27.4&#8243; _module_preset=&#8221;997ecc2a-fec9-45db-bb2b-8075d0f8323c&#8221; text_font=&#8221;ABeeZee||||||||&#8221; text_text_color=&#8221;#1194E0&#8243; link_text_color=&#8221;#FFFFFF&#8221; text_orientation=&#8221;center&#8221; text_font_size_tablet=&#8221;14px&#8221; text_font_size_phone=&#8221;12px&#8221; text_font_size_last_edited=&#8221;on|phone&#8221; global_colors_info=&#8221;{}&#8221;]\n<p>Facultad de Medicina \u2022 Circuito Interior \u2022 Ciudad Universitaria \u2022 AV. Universidad 3000\u2022 C.P. 04510<\/p>\n[\/et_pb_text][\/et_pb_column][\/et_pb_row][\/et_pb_section][et_pb_section fb_built=&#8221;1&#8243; admin_label=&#8221;Contact Form&#8221; _builder_version=&#8221;4.20.0&#8243; _module_preset=&#8221;default&#8221; background_color=&#8221;gcid-c22116c1-81a4-4cbf-84dc-c3f928405165&#8243; da_disable_devices=&#8221;off|off|off&#8221; collapsed=&#8221;on&#8221; global_colors_info=&#8221;{%22gcid-c22116c1-81a4-4cbf-84dc-c3f928405165%22:%91%22background_color%22%93}&#8221; da_is_popup=&#8221;off&#8221; da_exit_intent=&#8221;off&#8221; da_has_close=&#8221;on&#8221; da_alt_close=&#8221;off&#8221; da_dark_close=&#8221;off&#8221; da_not_modal=&#8221;on&#8221; da_is_singular=&#8221;off&#8221; da_with_loader=&#8221;off&#8221; da_has_shadow=&#8221;on&#8221;][et_pb_row _builder_version=&#8221;4.27.4&#8243; _module_preset=&#8221;default&#8221; custom_margin=&#8221;79px||71px||false|false&#8221; custom_margin_tablet=&#8221;33px||32px||false|false&#8221; custom_margin_phone=&#8221;20px||21px||false|false&#8221; custom_margin_last_edited=&#8221;on|phone&#8221; custom_padding=&#8221;7px|14px|1px|14px|false|false&#8221; border_radii=&#8221;on|19px|19px|19px|19px&#8221; border_color_all=&#8221;RGBA(255,255,255,0)&#8221; box_shadow_style=&#8221;preset1&#8243; global_colors_info=&#8221;{}&#8221;][et_pb_column type=&#8221;4_4&#8243; _builder_version=&#8221;4.20.0&#8243; _module_preset=&#8221;default&#8221; global_colors_info=&#8221;{}&#8221;][et_pb_contact_form email=&#8221;prog_estudios.genero.salud@facmed.unam.mx&#8221; _builder_version=&#8221;4.27.4&#8243; _module_preset=&#8221;09a62b4b-dfe8-4690-bd46-1bd151224c54&#8243; form_field_background_color=&#8221;#f7e6f2&#8243; form_field_text_color=&#8221;#1194E0&#8243; form_field_focus_background_color=&#8221;RGBA(255,255,255,0)&#8221; form_field_focus_text_color=&#8221;#000000&#8243; form_field_custom_margin=&#8221;0px|||0px|false|false&#8221; form_field_custom_padding=&#8221;|12px||12px|false|true&#8221; title_text_color=&#8221;#000000&#8243; captcha_text_color=&#8221;#000000&#8243; form_field_text_align=&#8221;left&#8221; button_text_color=&#8221;#8300E9&#8243; button_bg_color=&#8221;rgba(196,160,232,0.61)&#8221; button_border_width=&#8221;1px&#8221; button_border_color=&#8221;#1194E0&#8243; button_icon_color=&#8221;#1194E0&#8243; button_custom_margin=&#8221;28px|172px|0px|90px|false|false&#8221; button_custom_margin_tablet=&#8221;|228px|||false|false&#8221; button_custom_margin_phone=&#8221;|85px||20px|false|false&#8221; button_custom_margin_last_edited=&#8221;on|desktop&#8221; button_custom_padding=&#8221;5px|27px|5px|27px|true|true&#8221; text_orientation=&#8221;left&#8221; module_alignment=&#8221;left&#8221; custom_margin=&#8221;50px||||false|false&#8221; custom_margin_tablet=&#8221;20px||||false|false&#8221; custom_margin_phone=&#8221;7px||||false|false&#8221; custom_margin_last_edited=&#8221;on|desktop&#8221; custom_padding=&#8221;0px||||false|false&#8221; animation_style=&#8221;slide&#8221; captcha_font_size_tablet=&#8221;13px&#8221; captcha_font_size_phone=&#8221;10px&#8221; captcha_font_size_last_edited=&#8221;on|phone&#8221; form_field_font_size_tablet=&#8221;13px&#8221; form_field_font_size_phone=&#8221;11px&#8221; button_text_size_tablet=&#8221;12px&#8221; button_text_size_phone=&#8221;9px&#8221; button_text_size_last_edited=&#8221;on|phone&#8221; border_radii=&#8221;on|11px|11px|11px|11px&#8221; border_color_all=&#8221;RGBA(255,255,255,0)&#8221; box_shadow_style=&#8221;preset4&#8243; box_shadow_horizontal=&#8221;7px&#8221; box_shadow_blur=&#8221;6px&#8221; box_shadow_spread=&#8221;-1px&#8221; box_shadow_style_button=&#8221;preset4&#8243; box_shadow_horizontal_button=&#8221;4px&#8221; box_shadow_vertical_button=&#8221;3px&#8221; box_shadow_blur_button=&#8221;3px&#8221; locked=&#8221;off&#8221; global_colors_info=&#8221;{}&#8221;][et_pb_contact_field field_id=&#8221;Name&#8221; field_title=&#8221;Nombre:&#8221; fullwidth_field=&#8221;on&#8221; _builder_version=&#8221;4.27.4&#8243; _module_preset=&#8221;default&#8221; global_colors_info=&#8221;{}&#8221; button_text_size__hover_enabled=&#8221;off&#8221; button_one_text_size__hover_enabled=&#8221;off&#8221; button_two_text_size__hover_enabled=&#8221;off&#8221; button_text_color__hover_enabled=&#8221;off&#8221; button_one_text_color__hover_enabled=&#8221;off&#8221; button_two_text_color__hover_enabled=&#8221;off&#8221; button_border_width__hover_enabled=&#8221;off&#8221; button_one_border_width__hover_enabled=&#8221;off&#8221; button_two_border_width__hover_enabled=&#8221;off&#8221; button_border_color__hover_enabled=&#8221;off&#8221; button_one_border_color__hover_enabled=&#8221;off&#8221; button_two_border_color__hover_enabled=&#8221;off&#8221; button_border_radius__hover_enabled=&#8221;off&#8221; button_one_border_radius__hover_enabled=&#8221;off&#8221; button_two_border_radius__hover_enabled=&#8221;off&#8221; button_letter_spacing__hover_enabled=&#8221;off&#8221; button_one_letter_spacing__hover_enabled=&#8221;off&#8221; button_two_letter_spacing__hover_enabled=&#8221;off&#8221; button_bg_color__hover_enabled=&#8221;off&#8221; button_one_bg_color__hover_enabled=&#8221;off&#8221; button_two_bg_color__hover_enabled=&#8221;off&#8221;][\/et_pb_contact_field][et_pb_contact_field field_id=&#8221;Email&#8221; field_title=&#8221;Correo Electr\u00f3nico:&#8221; field_type=&#8221;email&#8221; fullwidth_field=&#8221;on&#8221; _builder_version=&#8221;4.27.4&#8243; _module_preset=&#8221;default&#8221; global_colors_info=&#8221;{}&#8221; button_text_size__hover_enabled=&#8221;off&#8221; button_one_text_size__hover_enabled=&#8221;off&#8221; button_two_text_size__hover_enabled=&#8221;off&#8221; button_text_color__hover_enabled=&#8221;off&#8221; button_one_text_color__hover_enabled=&#8221;off&#8221; button_two_text_color__hover_enabled=&#8221;off&#8221; button_border_width__hover_enabled=&#8221;off&#8221; button_one_border_width__hover_enabled=&#8221;off&#8221; button_two_border_width__hover_enabled=&#8221;off&#8221; button_border_color__hover_enabled=&#8221;off&#8221; button_one_border_color__hover_enabled=&#8221;off&#8221; button_two_border_color__hover_enabled=&#8221;off&#8221; button_border_radius__hover_enabled=&#8221;off&#8221; button_one_border_radius__hover_enabled=&#8221;off&#8221; button_two_border_radius__hover_enabled=&#8221;off&#8221; button_letter_spacing__hover_enabled=&#8221;off&#8221; button_one_letter_spacing__hover_enabled=&#8221;off&#8221; button_two_letter_spacing__hover_enabled=&#8221;off&#8221; button_bg_color__hover_enabled=&#8221;off&#8221; button_one_bg_color__hover_enabled=&#8221;off&#8221; button_two_bg_color__hover_enabled=&#8221;off&#8221;][\/et_pb_contact_field][et_pb_contact_field field_id=&#8221;Message&#8221; field_title=&#8221;Mensaje:&#8221; field_type=&#8221;text&#8221; fullwidth_field=&#8221;on&#8221; _builder_version=&#8221;4.27.4&#8243; _module_preset=&#8221;default&#8221; global_colors_info=&#8221;{}&#8221; button_text_size__hover_enabled=&#8221;off&#8221; button_one_text_size__hover_enabled=&#8221;off&#8221; button_two_text_size__hover_enabled=&#8221;off&#8221; button_text_color__hover_enabled=&#8221;off&#8221; button_one_text_color__hover_enabled=&#8221;off&#8221; button_two_text_color__hover_enabled=&#8221;off&#8221; button_border_width__hover_enabled=&#8221;off&#8221; button_one_border_width__hover_enabled=&#8221;off&#8221; button_two_border_width__hover_enabled=&#8221;off&#8221; button_border_color__hover_enabled=&#8221;off&#8221; button_one_border_color__hover_enabled=&#8221;off&#8221; button_two_border_color__hover_enabled=&#8221;off&#8221; button_border_radius__hover_enabled=&#8221;off&#8221; button_one_border_radius__hover_enabled=&#8221;off&#8221; button_two_border_radius__hover_enabled=&#8221;off&#8221; button_letter_spacing__hover_enabled=&#8221;off&#8221; button_one_letter_spacing__hover_enabled=&#8221;off&#8221; button_two_letter_spacing__hover_enabled=&#8221;off&#8221; button_bg_color__hover_enabled=&#8221;off&#8221; button_one_bg_color__hover_enabled=&#8221;off&#8221; button_two_bg_color__hover_enabled=&#8221;off&#8221;][\/et_pb_contact_field][\/et_pb_contact_form][\/et_pb_column][\/et_pb_row][\/et_pb_section]\n","protected":false},"excerpt":{"rendered":"<p>Contacto(255) 352-6258prog_estudios.genero.salud@facmed.unam.mxFacultad de Medicina \u2022 Circuito Interior \u2022 Ciudad Universitaria \u2022 AV. Universidad 3000\u2022 C.P. 04510<\/p>\n","protected":false},"author":1,"featured_media":0,"parent":0,"menu_order":0,"comment_status":"closed","ping_status":"closed","template":"","meta":{"_et_pb_use_builder":"on","_et_pb_old_content":"","_et_gb_content_width":"","footnotes":""},"class_list":["post-40508","page","type-page","status-publish","hentry"],"yoast_head":"<!-- This site is optimized with the Yoast SEO plugin v27.5 - https:\/\/yoast.com\/product\/yoast-seo-wordpress\/ -->\n<title>Salud P\u00fablica<\/title>\n<meta name=\"description\" content=\"Salud P\u00fablica\" \/>\n<meta name=\"robots\" content=\"index, follow, max-snippet:-1, max-image-preview:large, max-video-preview:-1\" \/>\n<link rel=\"canonical\" href=\"https:\/\/dsp.facmed.unam.mx\/index.php\/cnto\/\" \/>\n<meta property=\"og:locale\" content=\"es_ES\" \/>\n<meta property=\"og:type\" content=\"article\" \/>\n<meta property=\"og:title\" content=\"Salud P\u00fablica\" \/>\n<meta property=\"og:description\" content=\"Salud P\u00fablica\" \/>\n<meta property=\"og:url\" content=\"https:\/\/dsp.facmed.unam.mx\/index.php\/cnto\/\" \/>\n<meta property=\"og:site_name\" content=\"Salud P\u00fablica\" \/>\n<meta property=\"article:modified_time\" content=\"2025-11-21T16:46:38+00:00\" \/>\n<meta property=\"og:image\" content=\"https:\/\/dsp.facmed.unam.mx\/wp-content\/uploads\/2019\/02\/cropped-logo-dsp.png\" \/>\n\t<meta property=\"og:image:width\" content=\"512\" \/>\n\t<meta property=\"og:image:height\" content=\"512\" \/>\n\t<meta property=\"og:image:type\" content=\"image\/png\" \/>\n<meta name=\"twitter:card\" content=\"summary_large_image\" \/>\n<meta name=\"twitter:label1\" content=\"Tiempo de lectura\" \/>\n\t<meta name=\"twitter:data1\" content=\"1 minuto\" \/>\n<script type=\"application\/ld+json\" class=\"yoast-schema-graph\">{\"@context\":\"https:\\\/\\\/schema.org\",\"@graph\":[{\"@type\":\"WebPage\",\"@id\":\"https:\\\/\\\/dsp.facmed.unam.mx\\\/index.php\\\/cnto\\\/\",\"url\":\"https:\\\/\\\/dsp.facmed.unam.mx\\\/index.php\\\/cnto\\\/\",\"name\":\"Salud P\u00fablica\",\"isPartOf\":{\"@id\":\"https:\\\/\\\/dsp.facmed.unam.mx\\\/#website\"},\"datePublished\":\"2025-11-11T21:47:03+00:00\",\"dateModified\":\"2025-11-21T16:46:38+00:00\",\"description\":\"Salud P\u00fablica\",\"breadcrumb\":{\"@id\":\"https:\\\/\\\/dsp.facmed.unam.mx\\\/index.php\\\/cnto\\\/#breadcrumb\"},\"inLanguage\":\"es\",\"potentialAction\":[{\"@type\":\"ReadAction\",\"target\":[\"https:\\\/\\\/dsp.facmed.unam.mx\\\/index.php\\\/cnto\\\/\"]}]},{\"@type\":\"BreadcrumbList\",\"@id\":\"https:\\\/\\\/dsp.facmed.unam.mx\\\/index.php\\\/cnto\\\/#breadcrumb\",\"itemListElement\":[{\"@type\":\"ListItem\",\"position\":1,\"name\":\"Portada\",\"item\":\"https:\\\/\\\/dsp.facmed.unam.mx\\\/\"},{\"@type\":\"ListItem\",\"position\":2,\"name\":\"Contacto\"}]},{\"@type\":\"WebSite\",\"@id\":\"https:\\\/\\\/dsp.facmed.unam.mx\\\/#website\",\"url\":\"https:\\\/\\\/dsp.facmed.unam.mx\\\/\",\"name\":\"SALUD P\u00daBLICA\",\"description\":\"El Departamento de Salud P\u00fablica de la UNAM se dedica a la docencia en medicina, investigaci\u00f3n en salud p\u00fablica y difusi\u00f3n del conocimiento al publico en general\",\"potentialAction\":[{\"@type\":\"SearchAction\",\"target\":{\"@type\":\"EntryPoint\",\"urlTemplate\":\"https:\\\/\\\/dsp.facmed.unam.mx\\\/?s={search_term_string}\"},\"query-input\":{\"@type\":\"PropertyValueSpecification\",\"valueRequired\":true,\"valueName\":\"search_term_string\"}}],\"inLanguage\":\"es\"}]}<\/script>\n<!-- \/ Yoast SEO plugin. -->","yoast_head_json":{"title":"Salud P\u00fablica","description":"Salud P\u00fablica","robots":{"index":"index","follow":"follow","max-snippet":"max-snippet:-1","max-image-preview":"max-image-preview:large","max-video-preview":"max-video-preview:-1"},"canonical":"https:\/\/dsp.facmed.unam.mx\/index.php\/cnto\/","og_locale":"es_ES","og_type":"article","og_title":"Salud P\u00fablica","og_description":"Salud P\u00fablica","og_url":"https:\/\/dsp.facmed.unam.mx\/index.php\/cnto\/","og_site_name":"Salud P\u00fablica","article_modified_time":"2025-11-21T16:46:38+00:00","og_image":[{"width":512,"height":512,"url":"https:\/\/dsp.facmed.unam.mx\/wp-content\/uploads\/2019\/02\/cropped-logo-dsp.png","type":"image\/png"}],"twitter_card":"summary_large_image","twitter_misc":{"Tiempo de lectura":"1 minuto"},"schema":{"@context":"https:\/\/schema.org","@graph":[{"@type":"WebPage","@id":"https:\/\/dsp.facmed.unam.mx\/index.php\/cnto\/","url":"https:\/\/dsp.facmed.unam.mx\/index.php\/cnto\/","name":"Salud P\u00fablica","isPartOf":{"@id":"https:\/\/dsp.facmed.unam.mx\/#website"},"datePublished":"2025-11-11T21:47:03+00:00","dateModified":"2025-11-21T16:46:38+00:00","description":"Salud P\u00fablica","breadcrumb":{"@id":"https:\/\/dsp.facmed.unam.mx\/index.php\/cnto\/#breadcrumb"},"inLanguage":"es","potentialAction":[{"@type":"ReadAction","target":["https:\/\/dsp.facmed.unam.mx\/index.php\/cnto\/"]}]},{"@type":"BreadcrumbList","@id":"https:\/\/dsp.facmed.unam.mx\/index.php\/cnto\/#breadcrumb","itemListElement":[{"@type":"ListItem","position":1,"name":"Portada","item":"https:\/\/dsp.facmed.unam.mx\/"},{"@type":"ListItem","position":2,"name":"Contacto"}]},{"@type":"WebSite","@id":"https:\/\/dsp.facmed.unam.mx\/#website","url":"https:\/\/dsp.facmed.unam.mx\/","name":"SALUD P\u00daBLICA","description":"El Departamento de Salud P\u00fablica de la UNAM se dedica a la docencia en medicina, investigaci\u00f3n en salud p\u00fablica y difusi\u00f3n del conocimiento al publico en general","potentialAction":[{"@type":"SearchAction","target":{"@type":"EntryPoint","urlTemplate":"https:\/\/dsp.facmed.unam.mx\/?s={search_term_string}"},"query-input":{"@type":"PropertyValueSpecification","valueRequired":true,"valueName":"search_term_string"}}],"inLanguage":"es"}]}},"jetpack_sharing_enabled":true,"_links":{"self":[{"href":"https:\/\/dsp.facmed.unam.mx\/index.php\/wp-json\/wp\/v2\/pages\/40508","targetHints":{"allow":["GET"]}}],"collection":[{"href":"https:\/\/dsp.facmed.unam.mx\/index.php\/wp-json\/wp\/v2\/pages"}],"about":[{"href":"https:\/\/dsp.facmed.unam.mx\/index.php\/wp-json\/wp\/v2\/types\/page"}],"author":[{"embeddable":true,"href":"https:\/\/dsp.facmed.unam.mx\/index.php\/wp-json\/wp\/v2\/users\/1"}],"replies":[{"embeddable":true,"href":"https:\/\/dsp.facmed.unam.mx\/index.php\/wp-json\/wp\/v2\/comments?post=40508"}],"version-history":[{"count":24,"href":"https:\/\/dsp.facmed.unam.mx\/index.php\/wp-json\/wp\/v2\/pages\/40508\/revisions"}],"predecessor-version":[{"id":40863,"href":"https:\/\/dsp.facmed.unam.mx\/index.php\/wp-json\/wp\/v2\/pages\/40508\/revisions\/40863"}],"wp:attachment":[{"href":"https:\/\/dsp.facmed.unam.mx\/index.php\/wp-json\/wp\/v2\/media?parent=40508"}],"curies":[{"name":"wp","href":"https:\/\/api.w.org\/{rel}","templated":true}]}}