{"id":37974,"date":"2025-04-02T12:17:53","date_gmt":"2025-04-02T18:17:53","guid":{"rendered":"https:\/\/dsp.facmed.unam.mx\/?page_id=37974"},"modified":"2026-02-12T15:09:46","modified_gmt":"2026-02-12T21:09:46","slug":"mision-y-vision","status":"publish","type":"page","link":"https:\/\/dsp.facmed.unam.mx\/index.php\/mision-y-vision\/","title":{"rendered":"Misi\u00f3n y Visi\u00f3n"},"content":{"rendered":"[et_pb_section fb_built=&#8221;1&#8243; _builder_version=&#8221;4.25.0&#8243; _module_preset=&#8221;default&#8221; background_image=&#8221;https:\/\/dsp.facmed.unam.mx\/wp-content\/uploads\/2025\/03\/DsdTQ6AU8AAzz5d-scaled.jpeg&#8221; parallax=&#8221;on&#8221; top_divider_style=&#8221;arrow2&#8243; top_divider_color=&#8221;#07077c&#8221; top_divider_flip=&#8221;horizontal&#8221; top_divider_arrangement=&#8221;above_content&#8221; top_divider_height_tablet=&#8221;50px&#8221; top_divider_height_phone=&#8221;33px&#8221; top_divider_height_last_edited=&#8221;on|desktop&#8221; da_disable_devices=&#8221;off|off|off&#8221; global_colors_info=&#8221;{}&#8221; da_is_popup=&#8221;off&#8221; da_exit_intent=&#8221;off&#8221; da_has_close=&#8221;on&#8221; da_alt_close=&#8221;off&#8221; da_dark_close=&#8221;off&#8221; da_not_modal=&#8221;on&#8221; da_is_singular=&#8221;off&#8221; da_with_loader=&#8221;off&#8221; da_has_shadow=&#8221;on&#8221;][et_pb_row column_structure=&#8221;2_5,3_5&#8243; custom_padding_last_edited=&#8221;on|phone&#8221; _builder_version=&#8221;4.25.0&#8243; _module_preset=&#8221;default&#8221; custom_margin=&#8221;0px||0px||false|false&#8221; custom_padding=&#8221;111px||41px||false|false&#8221; custom_padding_tablet=&#8221;||53px||false|false&#8221; custom_padding_phone=&#8221;||74px||false|false&#8221; global_colors_info=&#8221;{}&#8221;][et_pb_column type=&#8221;2_5&#8243; _builder_version=&#8221;4.25.0&#8243; _module_preset=&#8221;default&#8221; global_colors_info=&#8221;{}&#8221;][\/et_pb_column][et_pb_column type=&#8221;3_5&#8243; _builder_version=&#8221;4.25.0&#8243; _module_preset=&#8221;default&#8221; global_colors_info=&#8221;{}&#8221;][et_pb_text _builder_version=&#8221;4.25.0&#8243; _module_preset=&#8221;default&#8221; text_font=&#8221;ABeeZee|700|||||||&#8221; text_text_color=&#8221;#ffffff&#8221; text_font_size=&#8221;25px&#8221; background_color=&#8221;#122a4e&#8221; text_orientation=&#8221;center&#8221; custom_margin=&#8221;52px||40px||false|false&#8221; custom_margin_tablet=&#8221;0px||25px||false|false&#8221; custom_margin_phone=&#8221;0px||20px||false|false&#8221; custom_margin_last_edited=&#8221;on|phone&#8221; custom_padding=&#8221;22px||22px||false|false&#8221; custom_padding_tablet=&#8221;12px||12px||false|false&#8221; custom_padding_phone=&#8221;0px||8px||false|false&#8221; custom_padding_last_edited=&#8221;on|phone&#8221; text_font_size_tablet=&#8221;18px&#8221; text_font_size_phone=&#8221;13px&#8221; text_font_size_last_edited=&#8221;on|phone&#8221; border_radii=&#8221;on|10px|10px|10px|10px&#8221; box_shadow_style=&#8221;preset4&#8243; box_shadow_horizontal_tablet=&#8221;7px&#8221; box_shadow_horizontal_phone=&#8221;5px&#8221; box_shadow_horizontal_last_edited=&#8221;on|desktop&#8221; box_shadow_vertical_tablet=&#8221;7px&#8221; box_shadow_vertical_phone=&#8221;5px&#8221; box_shadow_vertical_last_edited=&#8221;on|desktop&#8221; global_colors_info=&#8221;{}&#8221;]Facultad de Medicina<br \/>\n[\/et_pb_text][et_pb_text _builder_version=&#8221;4.25.0&#8243; _module_preset=&#8221;default&#8221; text_font=&#8221;ABeeZee|700|||||||&#8221; text_text_color=&#8221;#050760&#8243; text_font_size=&#8221;20px&#8221; background_color=&#8221;#ffffff&#8221; text_orientation=&#8221;center&#8221; custom_margin=&#8221;||20px||false|false&#8221; custom_margin_tablet=&#8221;||20px||false|false&#8221; custom_margin_phone=&#8221;||12px||false|false&#8221; custom_margin_last_edited=&#8221;on|phone&#8221; custom_padding=&#8221;11px||11px||false|false&#8221; custom_padding_tablet=&#8221;5px||5px||false|false&#8221; custom_padding_phone=&#8221;2px||2px||false|false&#8221; custom_padding_last_edited=&#8221;on|phone&#8221; text_font_size_tablet=&#8221;16px&#8221; text_font_size_phone=&#8221;13px&#8221; text_font_size_last_edited=&#8221;on|phone&#8221; border_radii=&#8221;on|8px|8px|8px|8px&#8221; box_shadow_style=&#8221;preset4&#8243; box_shadow_horizontal_tablet=&#8221;7px&#8221; box_shadow_horizontal_phone=&#8221;5px&#8221; box_shadow_horizontal_last_edited=&#8221;on|desktop&#8221; box_shadow_vertical_tablet=&#8221;7px&#8221; box_shadow_vertical_phone=&#8221;5px&#8221; box_shadow_vertical_last_edited=&#8221;on|desktop&#8221; global_colors_info=&#8221;{}&#8221;]MISI\u00d3N<br \/>\n[\/et_pb_text][et_pb_text _builder_version=&#8221;4.25.0&#8243; _module_preset=&#8221;default&#8221; text_font=&#8221;ABeeZee||||||||&#8221; text_font_size=&#8221;14px&#8221; text_line_height=&#8221;1.5em&#8221; background_color=&#8221;#fcfcfc&#8221; text_orientation=&#8221;justified&#8221; custom_margin=&#8221;0px||50px||false|false&#8221; custom_margin_tablet=&#8221;||30px||false|false&#8221; custom_margin_phone=&#8221;||20px||false|false&#8221; custom_margin_last_edited=&#8221;on|phone&#8221; custom_padding=&#8221;23px|23px|23px|22px|false|false&#8221; custom_padding_tablet=&#8221;16px|16px|16px|16px|false|false&#8221; custom_padding_phone=&#8221;12px|12px|12px|12px|false|false&#8221; custom_padding_last_edited=&#8221;on|phone&#8221; text_font_size_tablet=&#8221;12px&#8221; text_font_size_phone=&#8221;10px&#8221; text_font_size_last_edited=&#8221;on|phone&#8221; border_radii=&#8221;on|15px|15px|15px|15px&#8221; box_shadow_style=&#8221;preset4&#8243; box_shadow_horizontal_tablet=&#8221;7px&#8221; box_shadow_horizontal_phone=&#8221;5px&#8221; box_shadow_horizontal_last_edited=&#8221;on|phone&#8221; box_shadow_vertical_tablet=&#8221;7px&#8221; box_shadow_vertical_phone=&#8221;5px&#8221; box_shadow_vertical_last_edited=&#8221;on|desktop&#8221; global_colors_info=&#8221;{}&#8221;]\n<p style=\"text-align: justify;\">La Facultad de Medicina de la Universidad Nacional Aut\u00f3noma de M\u00e9xico es una instituci\u00f3n p\u00fablica que forma profesionales altamente calificados, \u00e9ticos, cr\u00edticos y humanistas, capaces de investigar y difundir el conocimiento para la soluci\u00f3n de problemas de salud y otras \u00e1reas cient\u00edficas en beneficio del ser humano y de la naci\u00f3n.<\/p>\n[\/et_pb_text][et_pb_text _builder_version=&#8221;4.25.0&#8243; _module_preset=&#8221;default&#8221; text_font=&#8221;ABeeZee|700|||||||&#8221; text_text_color=&#8221;#050760&#8243; text_font_size=&#8221;20px&#8221; background_color=&#8221;#ffffff&#8221; text_orientation=&#8221;center&#8221; custom_margin=&#8221;0px||20px||false|false&#8221; custom_margin_tablet=&#8221;||20px||false|false&#8221; custom_margin_phone=&#8221;||12px||false|false&#8221; custom_margin_last_edited=&#8221;on|desktop&#8221; custom_padding=&#8221;11px||11px||false|false&#8221; custom_padding_tablet=&#8221;5px||5px||false|false&#8221; custom_padding_phone=&#8221;2px||2px||false|false&#8221; custom_padding_last_edited=&#8221;on|phone&#8221; text_font_size_tablet=&#8221;16px&#8221; text_font_size_phone=&#8221;13px&#8221; text_font_size_last_edited=&#8221;on|phone&#8221; border_radii=&#8221;on|8px|8px|8px|8px&#8221; box_shadow_style=&#8221;preset4&#8243; box_shadow_horizontal_tablet=&#8221;7px&#8221; box_shadow_horizontal_phone=&#8221;5px&#8221; box_shadow_horizontal_last_edited=&#8221;on|desktop&#8221; box_shadow_vertical_tablet=&#8221;7px&#8221; box_shadow_vertical_phone=&#8221;5px&#8221; box_shadow_vertical_last_edited=&#8221;on|desktop&#8221; global_colors_info=&#8221;{}&#8221;]VISI\u00d3N<br \/>\n[\/et_pb_text][et_pb_text _builder_version=&#8221;4.25.0&#8243; _module_preset=&#8221;default&#8221; text_font=&#8221;ABeeZee||||||||&#8221; text_font_size=&#8221;14px&#8221; text_line_height=&#8221;1.5em&#8221; background_color=&#8221;#ffffff&#8221; text_orientation=&#8221;justified&#8221; custom_margin=&#8221;0px||50px||false|false&#8221; custom_margin_tablet=&#8221;||60px||false|false&#8221; custom_margin_phone=&#8221;||40px||false|false&#8221; custom_margin_last_edited=&#8221;on|desktop&#8221; custom_padding=&#8221;23px|23px|23px|23px|false|false&#8221; custom_padding_tablet=&#8221;16px||16px||false|false&#8221; custom_padding_phone=&#8221;12px||12px||false|false&#8221; custom_padding_last_edited=&#8221;on|phone&#8221; text_font_size_tablet=&#8221;12px&#8221; text_font_size_phone=&#8221;10px&#8221; text_font_size_last_edited=&#8221;on|phone&#8221; border_radii=&#8221;on|10px|10px|10px|10px&#8221; box_shadow_style=&#8221;preset4&#8243; box_shadow_horizontal_tablet=&#8221;7px&#8221; box_shadow_horizontal_phone=&#8221;5px&#8221; box_shadow_horizontal_last_edited=&#8221;on|phone&#8221; box_shadow_vertical_tablet=&#8221;7px&#8221; box_shadow_vertical_phone=&#8221;5px&#8221; box_shadow_vertical_last_edited=&#8221;on|desktop&#8221; global_colors_info=&#8221;{}&#8221;]\n<p style=\"text-align: justify;\">Estar a la vanguardia para ejercer el liderazgo en educaci\u00f3n, investigaci\u00f3n y difusi\u00f3n en salud y otras \u00e1reas cient\u00edficas en beneficio del ser humano y de la naci\u00f3n.<\/p>\n[\/et_pb_text][\/et_pb_column][\/et_pb_row][\/et_pb_section][et_pb_section fb_built=&#8221;1&#8243; inner_shadow=&#8221;on&#8221; _builder_version=&#8221;4.27.4&#8243; _module_preset=&#8221;default&#8221; background_image=&#8221;https:\/\/dsp.facmed.unam.mx\/wp-content\/uploads\/2024\/06\/SS.webp&#8221; background_size=&#8221;stretch&#8221; bottom_divider_color=&#8221;#053967&#8243; bottom_divider_flip=&#8221;horizontal&#8221; bottom_divider_height_tablet=&#8221;65px&#8221; bottom_divider_height_phone=&#8221;40px&#8221; bottom_divider_height_last_edited=&#8221;on|phone&#8221; hover_enabled=&#8221;0&#8243; da_disable_devices=&#8221;off|off|off&#8221; global_colors_info=&#8221;{}&#8221; sticky_enabled=&#8221;0&#8243; da_is_popup=&#8221;off&#8221; da_exit_intent=&#8221;off&#8221; da_has_close=&#8221;on&#8221; da_alt_close=&#8221;off&#8221; da_dark_close=&#8221;off&#8221; da_not_modal=&#8221;on&#8221; da_is_singular=&#8221;off&#8221; da_with_loader=&#8221;off&#8221; da_has_shadow=&#8221;on&#8221;][et_pb_row column_structure=&#8221;3_5,2_5&#8243; custom_padding_last_edited=&#8221;on|phone&#8221; _builder_version=&#8221;4.25.0&#8243; _module_preset=&#8221;default&#8221; custom_margin=&#8221;0px||0px||false|false&#8221; custom_padding=&#8221;30px||107px||false|false&#8221; custom_padding_tablet=&#8221;80px||37px||false|false&#8221; custom_padding_phone=&#8221;74px||60px||false|false&#8221; global_colors_info=&#8221;{}&#8221;][et_pb_column type=&#8221;3_5&#8243; _builder_version=&#8221;4.25.0&#8243; _module_preset=&#8221;default&#8221; global_colors_info=&#8221;{}&#8221;][et_pb_text _builder_version=&#8221;4.25.0&#8243; _module_preset=&#8221;default&#8221; text_font=&#8221;ABeeZee|700|||||||&#8221; text_text_color=&#8221;#ffffff&#8221; text_font_size=&#8221;25px&#8221; background_color=&#8221;#122a4e&#8221; text_orientation=&#8221;center&#8221; custom_margin=&#8221;55px||40px||false|false&#8221; custom_margin_tablet=&#8221;21px||25px||false|false&#8221; custom_margin_phone=&#8221;25px||20px||false|false&#8221; custom_margin_last_edited=&#8221;on|phone&#8221; custom_padding=&#8221;22px||22px||false|false&#8221; custom_padding_tablet=&#8221;12px||12px||false|false&#8221; custom_padding_phone=&#8221;8px||8px||false|false&#8221; custom_padding_last_edited=&#8221;on|phone&#8221; text_font_size_tablet=&#8221;18px&#8221; text_font_size_phone=&#8221;13px&#8221; text_font_size_last_edited=&#8221;on|phone&#8221; border_radii=&#8221;on|10px|10px|10px|10px&#8221; box_shadow_style=&#8221;preset4&#8243; box_shadow_horizontal_tablet=&#8221;7px&#8221; box_shadow_horizontal_phone=&#8221;5px&#8221; box_shadow_horizontal_last_edited=&#8221;on|desktop&#8221; box_shadow_vertical_tablet=&#8221;7px&#8221; box_shadow_vertical_phone=&#8221;5px&#8221; box_shadow_vertical_last_edited=&#8221;on|desktop&#8221; global_colors_info=&#8221;{}&#8221;]Licenciatura de M\u00e9dico Cirujano<br \/>\n[\/et_pb_text][et_pb_text _builder_version=&#8221;4.25.0&#8243; _module_preset=&#8221;default&#8221; text_font=&#8221;ABeeZee|700|||||||&#8221; text_text_color=&#8221;#050760&#8243; text_font_size=&#8221;20px&#8221; background_color=&#8221;#ffffff&#8221; text_orientation=&#8221;center&#8221; custom_margin=&#8221;||20px||false|false&#8221; custom_margin_tablet=&#8221;||20px||false|false&#8221; custom_margin_phone=&#8221;||12px||false|false&#8221; custom_margin_last_edited=&#8221;on|phone&#8221; custom_padding=&#8221;11px||11px||false|false&#8221; custom_padding_tablet=&#8221;5px||5px||false|false&#8221; custom_padding_phone=&#8221;2px||2px||false|false&#8221; custom_padding_last_edited=&#8221;on|phone&#8221; text_font_size_tablet=&#8221;16px&#8221; text_font_size_phone=&#8221;13px&#8221; text_font_size_last_edited=&#8221;on|phone&#8221; border_radii=&#8221;on|8px|8px|8px|8px&#8221; box_shadow_style=&#8221;preset4&#8243; box_shadow_horizontal_tablet=&#8221;7px&#8221; box_shadow_horizontal_phone=&#8221;5px&#8221; box_shadow_horizontal_last_edited=&#8221;on|desktop&#8221; box_shadow_vertical_tablet=&#8221;7px&#8221; box_shadow_vertical_phone=&#8221;5px&#8221; box_shadow_vertical_last_edited=&#8221;on|desktop&#8221; global_colors_info=&#8221;{}&#8221;]MISI\u00d3N<br \/>\n[\/et_pb_text][et_pb_text _builder_version=&#8221;4.25.0&#8243; _module_preset=&#8221;default&#8221; text_font=&#8221;ABeeZee||||||||&#8221; text_font_size=&#8221;14px&#8221; text_line_height=&#8221;1.5em&#8221; background_color=&#8221;#fcfcfc&#8221; text_orientation=&#8221;justified&#8221; custom_margin=&#8221;0px||50px||false|false&#8221; custom_margin_tablet=&#8221;||30px||false|false&#8221; custom_margin_phone=&#8221;||20px||false|false&#8221; custom_margin_last_edited=&#8221;on|phone&#8221; custom_padding=&#8221;23px|23px|23px|22px|false|false&#8221; custom_padding_tablet=&#8221;16px|16px|16px|16px|false|false&#8221; custom_padding_phone=&#8221;12px|12px|12px|12px|false|false&#8221; custom_padding_last_edited=&#8221;on|phone&#8221; text_font_size_tablet=&#8221;12px&#8221; text_font_size_phone=&#8221;10px&#8221; text_font_size_last_edited=&#8221;on|phone&#8221; border_radii=&#8221;on|15px|15px|15px|15px&#8221; box_shadow_style=&#8221;preset4&#8243; box_shadow_horizontal_tablet=&#8221;7px&#8221; box_shadow_horizontal_phone=&#8221;5px&#8221; box_shadow_horizontal_last_edited=&#8221;on|phone&#8221; box_shadow_vertical_tablet=&#8221;7px&#8221; box_shadow_vertical_phone=&#8221;5px&#8221; box_shadow_vertical_last_edited=&#8221;on|desktop&#8221; global_colors_info=&#8221;{}&#8221;]\n<p style=\"text-align: justify;\">La licenciatura de m\u00e9dico cirujano de la Facultad de Medicina de la Universidad Nacional Aut\u00f3noma de M\u00e9xico, forma m\u00e9dicos generales \u00e9ticos, cr\u00edticos y humanistas que responden a las necesidades en salud, con innovaci\u00f3n y excelencia educativa, capaces de desarrollarse en la investigaci\u00f3n cient\u00edfica en beneficio del ser humano y de la naci\u00f3n.<\/p>\n[\/et_pb_text][et_pb_text _builder_version=&#8221;4.25.0&#8243; _module_preset=&#8221;default&#8221; text_font=&#8221;ABeeZee|700|||||||&#8221; text_text_color=&#8221;#050760&#8243; text_font_size=&#8221;20px&#8221; background_color=&#8221;#ffffff&#8221; text_orientation=&#8221;center&#8221; custom_margin=&#8221;0px||20px||false|false&#8221; custom_margin_tablet=&#8221;||20px||false|false&#8221; custom_margin_phone=&#8221;||12px||false|false&#8221; custom_margin_last_edited=&#8221;on|desktop&#8221; custom_padding=&#8221;11px||11px||false|false&#8221; custom_padding_tablet=&#8221;5px||5px||false|false&#8221; custom_padding_phone=&#8221;2px||2px||false|false&#8221; custom_padding_last_edited=&#8221;on|phone&#8221; text_font_size_tablet=&#8221;16px&#8221; text_font_size_phone=&#8221;13px&#8221; text_font_size_last_edited=&#8221;on|phone&#8221; border_radii=&#8221;on|8px|8px|8px|8px&#8221; box_shadow_style=&#8221;preset4&#8243; box_shadow_horizontal_tablet=&#8221;7px&#8221; box_shadow_horizontal_phone=&#8221;5px&#8221; box_shadow_horizontal_last_edited=&#8221;on|desktop&#8221; box_shadow_vertical_tablet=&#8221;7px&#8221; box_shadow_vertical_phone=&#8221;5px&#8221; box_shadow_vertical_last_edited=&#8221;on|desktop&#8221; global_colors_info=&#8221;{}&#8221;]VISI\u00d3N<br \/>\n[\/et_pb_text][et_pb_text _builder_version=&#8221;4.25.0&#8243; _module_preset=&#8221;default&#8221; text_font=&#8221;ABeeZee||||||||&#8221; text_font_size=&#8221;14px&#8221; text_line_height=&#8221;1.5em&#8221; background_color=&#8221;#ffffff&#8221; text_orientation=&#8221;justified&#8221; custom_margin=&#8221;0px||70px||false|false&#8221; custom_margin_tablet=&#8221;||66px||false|false&#8221; custom_margin_phone=&#8221;||55px||false|false&#8221; custom_margin_last_edited=&#8221;on|phone&#8221; custom_padding=&#8221;23px|23px|23px|23px|false|false&#8221; custom_padding_tablet=&#8221;16px||16px||false|false&#8221; custom_padding_phone=&#8221;12px||12px||false|false&#8221; custom_padding_last_edited=&#8221;on|phone&#8221; text_font_size_tablet=&#8221;12px&#8221; text_font_size_phone=&#8221;10px&#8221; text_font_size_last_edited=&#8221;on|phone&#8221; border_radii=&#8221;on|10px|10px|10px|10px&#8221; box_shadow_style=&#8221;preset4&#8243; box_shadow_horizontal_tablet=&#8221;7px&#8221; box_shadow_horizontal_phone=&#8221;5px&#8221; box_shadow_horizontal_last_edited=&#8221;on|phone&#8221; box_shadow_vertical_tablet=&#8221;7px&#8221; box_shadow_vertical_phone=&#8221;5px&#8221; box_shadow_vertical_last_edited=&#8221;on|desktop&#8221; global_colors_info=&#8221;{}&#8221;]\n<p style=\"text-align: justify;\">Mantener a la vanguardia la formaci\u00f3n de m\u00e9dicos cirujanos l\u00edderes, competentes en el ejercicio profesional en beneficio de la naci\u00f3n y de la humanidad.<\/p>\n[\/et_pb_text][\/et_pb_column][et_pb_column type=&#8221;2_5&#8243; _builder_version=&#8221;4.25.0&#8243; _module_preset=&#8221;default&#8221; global_colors_info=&#8221;{}&#8221;][\/et_pb_column][\/et_pb_row][\/et_pb_section]\n","protected":false},"excerpt":{"rendered":"<p>Facultad de Medicina MISI\u00d3N La Facultad de Medicina de la Universidad Nacional Aut\u00f3noma de M\u00e9xico es una instituci\u00f3n p\u00fablica que forma profesionales altamente calificados, \u00e9ticos, cr\u00edticos y humanistas, capaces de investigar y difundir el conocimiento para la soluci\u00f3n de problemas de salud y otras \u00e1reas cient\u00edficas en beneficio del ser humano y de la naci\u00f3n. [&hellip;]<\/p>\n","protected":false},"author":1,"featured_media":0,"parent":0,"menu_order":0,"comment_status":"closed","ping_status":"closed","template":"","meta":{"_et_pb_use_builder":"on","_et_pb_old_content":"","_et_gb_content_width":"","footnotes":""},"class_list":["post-37974","page","type-page","status-publish","hentry"],"yoast_head":"<!-- This site is optimized with the Yoast SEO plugin v27.4 - https:\/\/yoast.com\/product\/yoast-seo-wordpress\/ -->\n<title>Salud P\u00fablica<\/title>\n<meta name=\"description\" content=\"Salud P\u00fablica\" \/>\n<meta name=\"robots\" content=\"index, follow, max-snippet:-1, max-image-preview:large, max-video-preview:-1\" \/>\n<link rel=\"canonical\" href=\"https:\/\/dsp.facmed.unam.mx\/index.php\/mision-y-vision\/\" \/>\n<meta property=\"og:locale\" content=\"es_ES\" \/>\n<meta property=\"og:type\" content=\"article\" \/>\n<meta property=\"og:title\" content=\"Salud P\u00fablica\" \/>\n<meta property=\"og:description\" content=\"Salud P\u00fablica\" \/>\n<meta property=\"og:url\" content=\"https:\/\/dsp.facmed.unam.mx\/index.php\/mision-y-vision\/\" \/>\n<meta property=\"og:site_name\" content=\"Salud P\u00fablica\" \/>\n<meta property=\"article:modified_time\" content=\"2026-02-12T21:09:46+00:00\" \/>\n<meta property=\"og:image\" content=\"https:\/\/dsp.facmed.unam.mx\/wp-content\/uploads\/2019\/02\/cropped-logo-dsp.png\" \/>\n\t<meta property=\"og:image:width\" content=\"512\" \/>\n\t<meta property=\"og:image:height\" content=\"512\" \/>\n\t<meta property=\"og:image:type\" content=\"image\/png\" \/>\n<meta name=\"twitter:card\" content=\"summary_large_image\" \/>\n<meta name=\"twitter:label1\" content=\"Tiempo de lectura\" \/>\n\t<meta name=\"twitter:data1\" content=\"1 minuto\" \/>\n<script type=\"application\/ld+json\" class=\"yoast-schema-graph\">{\"@context\":\"https:\\\/\\\/schema.org\",\"@graph\":[{\"@type\":\"WebPage\",\"@id\":\"https:\\\/\\\/dsp.facmed.unam.mx\\\/index.php\\\/mision-y-vision\\\/\",\"url\":\"https:\\\/\\\/dsp.facmed.unam.mx\\\/index.php\\\/mision-y-vision\\\/\",\"name\":\"Salud P\u00fablica\",\"isPartOf\":{\"@id\":\"https:\\\/\\\/dsp.facmed.unam.mx\\\/#website\"},\"datePublished\":\"2025-04-02T18:17:53+00:00\",\"dateModified\":\"2026-02-12T21:09:46+00:00\",\"description\":\"Salud P\u00fablica\",\"breadcrumb\":{\"@id\":\"https:\\\/\\\/dsp.facmed.unam.mx\\\/index.php\\\/mision-y-vision\\\/#breadcrumb\"},\"inLanguage\":\"es\",\"potentialAction\":[{\"@type\":\"ReadAction\",\"target\":[\"https:\\\/\\\/dsp.facmed.unam.mx\\\/index.php\\\/mision-y-vision\\\/\"]}]},{\"@type\":\"BreadcrumbList\",\"@id\":\"https:\\\/\\\/dsp.facmed.unam.mx\\\/index.php\\\/mision-y-vision\\\/#breadcrumb\",\"itemListElement\":[{\"@type\":\"ListItem\",\"position\":1,\"name\":\"Portada\",\"item\":\"https:\\\/\\\/dsp.facmed.unam.mx\\\/\"},{\"@type\":\"ListItem\",\"position\":2,\"name\":\"Misi\u00f3n y Visi\u00f3n\"}]},{\"@type\":\"WebSite\",\"@id\":\"https:\\\/\\\/dsp.facmed.unam.mx\\\/#website\",\"url\":\"https:\\\/\\\/dsp.facmed.unam.mx\\\/\",\"name\":\"SALUD P\u00daBLICA\",\"description\":\"El Departamento de Salud P\u00fablica de la UNAM se dedica a la docencia en medicina, investigaci\u00f3n en salud p\u00fablica y difusi\u00f3n del conocimiento al publico en general\",\"potentialAction\":[{\"@type\":\"SearchAction\",\"target\":{\"@type\":\"EntryPoint\",\"urlTemplate\":\"https:\\\/\\\/dsp.facmed.unam.mx\\\/?s={search_term_string}\"},\"query-input\":{\"@type\":\"PropertyValueSpecification\",\"valueRequired\":true,\"valueName\":\"search_term_string\"}}],\"inLanguage\":\"es\"}]}<\/script>\n<!-- \/ Yoast SEO plugin. -->","yoast_head_json":{"title":"Salud P\u00fablica","description":"Salud P\u00fablica","robots":{"index":"index","follow":"follow","max-snippet":"max-snippet:-1","max-image-preview":"max-image-preview:large","max-video-preview":"max-video-preview:-1"},"canonical":"https:\/\/dsp.facmed.unam.mx\/index.php\/mision-y-vision\/","og_locale":"es_ES","og_type":"article","og_title":"Salud P\u00fablica","og_description":"Salud P\u00fablica","og_url":"https:\/\/dsp.facmed.unam.mx\/index.php\/mision-y-vision\/","og_site_name":"Salud P\u00fablica","article_modified_time":"2026-02-12T21:09:46+00:00","og_image":[{"width":512,"height":512,"url":"https:\/\/dsp.facmed.unam.mx\/wp-content\/uploads\/2019\/02\/cropped-logo-dsp.png","type":"image\/png"}],"twitter_card":"summary_large_image","twitter_misc":{"Tiempo de lectura":"1 minuto"},"schema":{"@context":"https:\/\/schema.org","@graph":[{"@type":"WebPage","@id":"https:\/\/dsp.facmed.unam.mx\/index.php\/mision-y-vision\/","url":"https:\/\/dsp.facmed.unam.mx\/index.php\/mision-y-vision\/","name":"Salud P\u00fablica","isPartOf":{"@id":"https:\/\/dsp.facmed.unam.mx\/#website"},"datePublished":"2025-04-02T18:17:53+00:00","dateModified":"2026-02-12T21:09:46+00:00","description":"Salud P\u00fablica","breadcrumb":{"@id":"https:\/\/dsp.facmed.unam.mx\/index.php\/mision-y-vision\/#breadcrumb"},"inLanguage":"es","potentialAction":[{"@type":"ReadAction","target":["https:\/\/dsp.facmed.unam.mx\/index.php\/mision-y-vision\/"]}]},{"@type":"BreadcrumbList","@id":"https:\/\/dsp.facmed.unam.mx\/index.php\/mision-y-vision\/#breadcrumb","itemListElement":[{"@type":"ListItem","position":1,"name":"Portada","item":"https:\/\/dsp.facmed.unam.mx\/"},{"@type":"ListItem","position":2,"name":"Misi\u00f3n y Visi\u00f3n"}]},{"@type":"WebSite","@id":"https:\/\/dsp.facmed.unam.mx\/#website","url":"https:\/\/dsp.facmed.unam.mx\/","name":"SALUD P\u00daBLICA","description":"El Departamento de Salud P\u00fablica de la UNAM se dedica a la docencia en medicina, investigaci\u00f3n en salud p\u00fablica y difusi\u00f3n del conocimiento al publico en general","potentialAction":[{"@type":"SearchAction","target":{"@type":"EntryPoint","urlTemplate":"https:\/\/dsp.facmed.unam.mx\/?s={search_term_string}"},"query-input":{"@type":"PropertyValueSpecification","valueRequired":true,"valueName":"search_term_string"}}],"inLanguage":"es"}]}},"jetpack_sharing_enabled":true,"_links":{"self":[{"href":"https:\/\/dsp.facmed.unam.mx\/index.php\/wp-json\/wp\/v2\/pages\/37974","targetHints":{"allow":["GET"]}}],"collection":[{"href":"https:\/\/dsp.facmed.unam.mx\/index.php\/wp-json\/wp\/v2\/pages"}],"about":[{"href":"https:\/\/dsp.facmed.unam.mx\/index.php\/wp-json\/wp\/v2\/types\/page"}],"author":[{"embeddable":true,"href":"https:\/\/dsp.facmed.unam.mx\/index.php\/wp-json\/wp\/v2\/users\/1"}],"replies":[{"embeddable":true,"href":"https:\/\/dsp.facmed.unam.mx\/index.php\/wp-json\/wp\/v2\/comments?post=37974"}],"version-history":[{"count":20,"href":"https:\/\/dsp.facmed.unam.mx\/index.php\/wp-json\/wp\/v2\/pages\/37974\/revisions"}],"predecessor-version":[{"id":41111,"href":"https:\/\/dsp.facmed.unam.mx\/index.php\/wp-json\/wp\/v2\/pages\/37974\/revisions\/41111"}],"wp:attachment":[{"href":"https:\/\/dsp.facmed.unam.mx\/index.php\/wp-json\/wp\/v2\/media?parent=37974"}],"curies":[{"name":"wp","href":"https:\/\/api.w.org\/{rel}","templated":true}]}}