{"id":21093,"date":"2019-03-01T13:32:56","date_gmt":"2019-03-01T19:32:56","guid":{"rendered":"https:\/\/dsp.facmed.unam.mx\/?page_id=21093"},"modified":"2022-02-21T11:54:28","modified_gmt":"2022-02-21T17:54:28","slug":"documentos-de-interes","status":"publish","type":"page","link":"https:\/\/dsp.facmed.unam.mx\/index.php\/documentos-de-interes\/","title":{"rendered":"Documentos de Inter\u00e9s"},"content":{"rendered":"[et_pb_section fb_built=&#8221;1&#8243; fullwidth=&#8221;on&#8221; _builder_version=&#8221;3.22&#8243; background_image=&#8221;https:\/\/dsp.facmed.unam.mx\/wp-content\/uploads\/2013\/12\/sol.jpg&#8221; custom_margin=&#8221;0px||0px|&#8221; custom_padding=&#8221;0%|||&#8221; border_color_all=&#8221;#FFFFFF&#8221; box_shadow_style=&#8221;preset1&#8243; global_colors_info=&#8221;{}&#8221;][et_pb_fullwidth_header text_orientation=&#8221;center&#8221; _builder_version=&#8221;3.16&#8243; title_font=&#8221;||||||||&#8221; title_text_align=&#8221;center&#8221; content_font=&#8221;Georgia|800|||||||&#8221; content_text_align=&#8221;center&#8221; content_font_size=&#8221;30px&#8221; background_color=&#8221;rgba(84,84,84,0)&#8221; background_color_gradient_direction=&#8221;182deg&#8221; content_font_size_tablet=&#8221;25px&#8221; content_font_size_phone=&#8221;18px&#8221; content_font_size_last_edited=&#8221;on|phone&#8221; content_text_shadow_style=&#8221;preset5&#8243; content_text_shadow_horizontal_length=&#8221;0.06em&#8221; content_text_shadow_vertical_length=&#8221;0.04em&#8221; content_text_shadow_blur_strength=&#8221;0.06em&#8221; content_text_shadow_color=&#8221;#0C71C3&#8243; border_color_all=&#8221;#030375&#8243; global_colors_info=&#8221;{}&#8221; button_one_text_size__hover_enabled=&#8221;off&#8221; button_two_text_size__hover_enabled=&#8221;off&#8221; button_one_text_color__hover_enabled=&#8221;off&#8221; button_two_text_color__hover_enabled=&#8221;off&#8221; button_one_border_width__hover_enabled=&#8221;off&#8221; button_two_border_width__hover_enabled=&#8221;off&#8221; button_one_border_color__hover_enabled=&#8221;off&#8221; button_two_border_color__hover_enabled=&#8221;off&#8221; button_one_border_radius__hover_enabled=&#8221;off&#8221; button_two_border_radius__hover_enabled=&#8221;off&#8221; button_one_letter_spacing__hover_enabled=&#8221;off&#8221; button_two_letter_spacing__hover_enabled=&#8221;off&#8221; button_one_bg_color__hover_enabled=&#8221;off&#8221; button_two_bg_color__hover_enabled=&#8221;off&#8221;]DOCUMENTOS DE INTER\u00c9S[\/et_pb_fullwidth_header][\/et_pb_section][et_pb_section fb_built=&#8221;1&#8243; _builder_version=&#8221;3.22&#8243; bottom_divider_style=&#8221;asymmetric4&#8243; bottom_divider_color=&#8221;#122a4e&#8221; global_colors_info=&#8221;{}&#8221;][et_pb_row _builder_version=&#8221;3.25&#8243; global_colors_info=&#8221;{}&#8221;][et_pb_column type=&#8221;4_4&#8243; _builder_version=&#8221;3.25&#8243; custom_padding=&#8221;|||&#8221; global_colors_info=&#8221;{}&#8221; custom_padding__hover=&#8221;|||&#8221;][et_pb_text _builder_version=&#8221;4.14.7&#8243; text_font=&#8221;Georgia||||||||&#8221; text_text_color=&#8221;#000000&#8243; text_font_size=&#8221;14px&#8221; custom_margin=&#8221;||78px|&#8221; custom_margin_tablet=&#8221;32px||88px|&#8221; custom_margin_phone=&#8221;&#8221; custom_margin_last_edited=&#8221;on|desktop&#8221; custom_padding=&#8221;30px|0px|0px|0px|false|false&#8221; hover_enabled=&#8221;0&#8243; text_font_size_tablet=&#8221;12px&#8221; text_font_size_phone=&#8221;11px&#8221; text_font_size_last_edited=&#8221;on|desktop&#8221; global_colors_info=&#8221;{}&#8221; sticky_enabled=&#8221;0&#8243;]\n<p>1. Dynamics of Cancer: Incidence, Inheritance, and Evolution, by Steven A. Frank, Princeton Series in Evolutionary Biology. Princeton University Press Princeton and Oxford. 2007. (<span style=\"text-decoration: underline;\"><span style=\"color: #0000ff; text-decoration: underline;\"><a style=\"color: #0000ff; text-decoration: underline;\" href=\"https:\/\/dsp.facmed.unam.mx\/wp-content\/uploads\/2015\/10\/cancer.pdf\" target=\"_blank\" rel=\"noopener\">Archivo en pdf<\/a><\/span><\/span>)<\/p>\n<p>2.\u00a0<a href=\"http:\/\/www.ihs.gov\/medicalprograms\/portlandinjury\/pdfs\/principlesofepidemiologyinpublichealthpractice.pdf\" target=\"_blank\" rel=\"noopener\"><span style=\"text-decoration: underline;\"><span style=\"color: #0000ff; text-decoration: underline;\">Principles of Epidemiology in Public Health Practice\u00a0<\/span><\/span><\/a>Third Edition An Introduction to Applied Epidemiology and Biostatistics. U.S. DEPARTMENT OF HEALTH AND HUMAN SERVICES<br \/>Centers for Disease Control and Prevention (CDC) Office of Workforce and Career \u00a0Development Atlanta, GA 30333.<\/p>\n<p>3. Clinical Futures, John Bell Nuffield, David Delpy, John Grimley, Leslie Iversen, Marshall Marinker, Catherine Peckham, Michael Peckham, Philip Poole-Wilson, Karol Sikora.<br \/>(<span style=\"text-decoration: underline;\"><span style=\"color: #0000ff;\"><a style=\"color: #0000ff; text-decoration: underline;\" href=\"https:\/\/dsp.facmed.unam.mx\/wp-content\/uploads\/2015\/10\/clinical-futures.pdf\" target=\"_blank\" rel=\"noopener\">Clinical Futures.pdf<\/a><\/span><\/span>)<\/p>\n<p>4.\u00a0<span style=\"text-decoration: underline;\"><span style=\"color: #0000ff;\"><a style=\"color: #0000ff; text-decoration: underline;\" href=\"http:\/\/www.bmj.com\/collections\/epidem\/epid.dtl\" target=\"_blank\" rel=\"noopener\">Epidemiology for the uninitiated<\/a><\/span><\/span>, Fourth Edition, D Coggon, Geoffrey Rose, BMJ.<\/p>\n<p>5. Evidence Based Medicine Workbook, Paul Glasziov, Chris Del Mar and Janet Salisbury, BMJ Publishing Group.<\/p>\n<p>6. HIV medicine 2007. Hoffmann &#8211; Rockstroh \u2013 Kamps. Flying Publisher (<span style=\"text-decoration: underline;\"><span style=\"color: #0000ff;\"><a style=\"color: #0000ff; text-decoration: underline;\" href=\"https:\/\/dsp.facmed.unam.mx\/wp-content\/uploads\/2015\/10\/hivmedicine2007.pdf\" target=\"_blank\" rel=\"noopener\">Hivmedicine2007.pdf<\/a><\/span><\/span>)<\/p>\n<p>7. Manual de \u00c9tica, Cuarta Edici\u00f3n, American College of Physicians (<span style=\"text-decoration: underline;\"><span style=\"color: #0000ff;\"><a style=\"color: #0000ff; text-decoration: underline;\" href=\"https:\/\/dsp.facmed.unam.mx\/wp-content\/uploads\/2015\/10\/manual-etica.pdf\" target=\"_blank\" rel=\"noopener\">Manual de \u00c9tica.pdf<\/a><\/span><\/span>)<\/p>\n<p>8. EL DESAFIO DE LA EPIDEMIOLOG\u00cdA, Problemas y lecturas seleccionadas, Discusi\u00f3n y recopilaci\u00f3n: Carol Buck, Alvaro Llopis, Enrique N\u00e1jera, Milton Terris. Publicaci\u00f3n Cient\u00edfica No. 505, ORGANIZACI\u00d3N PANAMERICANA DE LA SALUD\u00a0 (<span style=\"text-decoration: underline;\"><span style=\"color: #0000ff;\"><a style=\"color: #0000ff; text-decoration: underline;\" href=\"https:\/\/dsp.facmed.unam.mx\/wp-content\/uploads\/2015\/11\/epidesafios.pdf\" target=\"_blank\" rel=\"noopener\">Epidesafios.pdf<\/a><\/span><\/span>).<\/p>\n<p>9. Influenza report 2006. Hoffmann &#8211; Rockstroh \u2013 Kamps. Flying Publisher<\/p>\n<p>10. Principles on Epidemiology. An Introduction to Applied Epidemiology and Biostatistics. U.S. DEPARTMENT OF HEALTH AND HUMAN SERVICES. (<span style=\"text-decoration: underline;\"><span style=\"color: #0000ff;\"><a style=\"color: #0000ff; text-decoration: underline;\" href=\"https:\/\/dsp.facmed.unam.mx\/wp-content\/uploads\/2015\/11\/epi_course.pdf\" target=\"_blank\" rel=\"noopener\">Epi_Course.pdf<\/a><\/span><\/span>)<\/p>\n<p>11. Art\u00edculos de Epidemiolog\u00eda B\u00e1sica publicados en Salud P\u00fablica de M\u00e9xico, varios autores. (<span style=\"text-decoration: underline;\"><span style=\"color: #0000ff;\"><a style=\"color: #0000ff; text-decoration: underline;\" href=\"https:\/\/dsp.facmed.unam.mx\/wp-content\/uploads\/2015\/11\/epibasica-spm.pdf\" target=\"_blank\" rel=\"noopener\">Epib\u00e1sicaSPM.pdf<\/a><\/span><\/span>)<\/p>\n<p>12. HEALTH IN AN UNEQUAL WORLD THE HARVEIAN ORATION, Delivered before the Fellows of The Royal College of Physicians of London on Wednesday 18 October 2006 by Professor Sir Michael Marmot.\u00a0\u00a0 (<span style=\"text-decoration: underline;\"><span style=\"color: #0000ff;\"><a style=\"color: #0000ff; text-decoration: underline;\" href=\"https:\/\/dsp.facmed.unam.mx\/wp-content\/uploads\/2015\/11\/healthdesigual.pdf\" target=\"_blank\" rel=\"noopener\">Healthdesigual.pdf<\/a><\/span><\/span>)<\/p>\n<p>13. Closing the gap in a generation. Health equity through action on the social determinants of health. WHO, Commission on Social Determinants of Health.<\/p>\n<p><span style=\"font-family: Verdana, Arial, Helvetica, sans-serif;\">14.\u00a0<a href=\"http:\/\/www.insp.mx\/curso_influenza\/\" target=\"_blank\" rel=\"noopener noreferrer\"><span style=\"text-decoration: underline;\"><span style=\"color: #0000ff; text-decoration: underline;\">Curso sobre influenza H<\/span><\/span>1N1<\/a>. Instituto Nacional de Salud P\u00fablica.<\/span><\/p>\n<p><span style=\"font-family: Verdana, Arial, Helvetica, sans-serif;\">15. Curso de Bioestad\u00edstica. OPS. (<span style=\"text-decoration: underline;\"><span style=\"color: #0000ff;\"><a style=\"color: #0000ff; text-decoration: underline;\" href=\"https:\/\/dsp.facmed.unam.mx\/wp-content\/uploads\/2015\/11\/biostadistica.zip\" target=\"_blank\" rel=\"noopener\">Descargar Comprimido<\/a><\/span><\/span>)<\/span><\/p>\n<p><span style=\"font-family: Verdana, Arial, Helvetica, sans-serif;\">16. Gu\u00eda de autoaprendizaje sobre Dengue. Colaboradores del Ministerio del Poder Popular para la Salud de Venezuela, han puesto a disposici\u00f3n del Nodo M\u00e9xico del Campus Virtual de Salud P\u00fablica y de todas las instituciones y personas que la necesiten la siguiente gu\u00eda sobre dengue. (<span style=\"text-decoration: underline;\"><span style=\"color: #0000ff;\"><a style=\"color: #0000ff; text-decoration: underline;\" href=\"https:\/\/dsp.facmed.unam.mx\/wp-content\/uploads\/2015\/11\/Dengue_Capacitacion_Julio2009.pdf\" target=\"_blank\" rel=\"noopener\">Descargar<\/a><\/span><\/span>)<\/span><\/p>\n<p>&nbsp;<\/p>\n<p><span style=\"color: #000099; font-family: Verdana, Arial, Helvetica, sans-serif;\"><strong>Educaci\u00f3n y Pedagog\u00eda.<\/strong><\/span><\/p>\n<p>1.- Los garrotes y las zanahorias, Manuel P\u00e9rez Rocha, Universidad Aut\u00f3noma de la Ciudad de M\u00e9xico, Colecci\u00f3n Galatea. 17 p\u00e1ginas.\u00a0<span style=\"text-decoration: underline;\"><span style=\"color: #0000ff;\"><a style=\"color: #0000ff; text-decoration: underline;\" href=\"https:\/\/dsp.facmed.unam.mx\/wp-content\/uploads\/2015\/11\/zanahoria.pdf\" target=\"_blank\" rel=\"noopener\">Zanahoria.pdf<\/a><\/span><\/span><\/p>\n<p>2.- Pigmali\u00f3n en la escuela, Miriam S\u00e1nchez Hern\u00e1ndez, Marcela L\u00f3pez Fern\u00e1ndez. Universidad Aut\u00f3noma de la Ciudad de M\u00e9xico, Colecci\u00f3n Galatea. 17 p\u00e1ginas.\u00a0<span style=\"text-decoration: underline;\"><span style=\"color: #0000ff;\"><a style=\"color: #0000ff; text-decoration: underline;\" href=\"https:\/\/dsp.facmed.unam.mx\/wp-content\/uploads\/2015\/11\/pigmalion.pdf\" target=\"_blank\" rel=\"noopener\">Pigmalion.pdf<\/a><\/span><\/span><\/p>\n<p>3.- Los ex\u00e1menes, Manuel P\u00e9rez Rocha, Universidad Aut\u00f3noma de la Ciudad de M\u00e9xico, Colecci\u00f3n Galatea. 17 p\u00e1ginas.\u00a0<span style=\"text-decoration: underline;\"><span style=\"color: #0000ff;\"><a style=\"color: #0000ff; text-decoration: underline;\" href=\"https:\/\/dsp.facmed.unam.mx\/wp-content\/uploads\/2015\/11\/examenes.pdf\" target=\"_blank\" rel=\"noopener\">Examenes.pdf<\/a><\/span><\/span><\/p>\n<p>4.- De la motivaci\u00f3n y el s\u00edndrome del fracaso. Miriam S\u00e1nchez Hern\u00e1ndez, Marcela L\u00f3pez Fern\u00e1ndez. Universidad Aut\u00f3noma de la Ciudad de M\u00e9xico, Colecci\u00f3n Galatea. 37 p\u00e1ginas.\u00a0<span style=\"text-decoration: underline;\"><span style=\"color: #0000ff;\"><a style=\"color: #0000ff; text-decoration: underline;\" href=\"https:\/\/dsp.facmed.unam.mx\/wp-content\/uploads\/2015\/11\/motivacionfracaso.pdf\" target=\"_blank\" rel=\"noopener\">Motivacionfracaso.pdf<\/a><\/span><\/span><\/p>\n<p><span style=\"font-family: Arial, Helvetica, sans-serif;\">5.-<span style=\"font-family: Verdana, Arial, Helvetica, sans-serif;\">\u00a0Del estudio y el estudiante. Lecturas para la reflexi\u00f3n. Miriam S\u00e1nchez Hern\u00e1ndez, Marcela L\u00f3pez Fern\u00e1ndez. Universidad Aut\u00f3noma de la Ciudad de M\u00e9xico, Colecci\u00f3n Galatea. 104 p\u00e1ginas.\u00a0<span style=\"text-decoration: underline;\"><span style=\"color: #0000ff;\"><a style=\"color: #0000ff; text-decoration: underline;\" href=\"https:\/\/dsp.facmed.unam.mx\/wp-content\/uploads\/2015\/11\/del-estudio-y-el-estudiante.pdf\" target=\"_blank\" rel=\"noopener\">Estudiante.pdf<\/a><\/span><\/span><\/span><\/span><\/p>\n[\/et_pb_text][\/et_pb_column][\/et_pb_row][\/et_pb_section]\n","protected":false},"excerpt":{"rendered":"<p>DOCUMENTOS DE INTER\u00c9S1. Dynamics of Cancer: Incidence, Inheritance, and Evolution, by Steven A. Frank, Princeton Series in Evolutionary Biology. Princeton University Press Princeton and Oxford. 2007. (Archivo en pdf) 2.\u00a0Principles of Epidemiology in Public Health Practice\u00a0Third Edition An Introduction to Applied Epidemiology and Biostatistics. U.S. DEPARTMENT OF HEALTH AND HUMAN SERVICESCenters for Disease Control and [&hellip;]<\/p>\n","protected":false},"author":1,"featured_media":0,"parent":0,"menu_order":0,"comment_status":"closed","ping_status":"closed","template":"","meta":{"_et_pb_use_builder":"on","_et_pb_old_content":"","_et_gb_content_width":"","footnotes":""},"class_list":["post-21093","page","type-page","status-publish","hentry"],"yoast_head":"<!-- This site is optimized with the Yoast SEO plugin v27.2 - https:\/\/yoast.com\/product\/yoast-seo-wordpress\/ -->\n<title>Salud P\u00fablica<\/title>\n<meta name=\"description\" content=\"Salud P\u00fablica\" \/>\n<meta name=\"robots\" content=\"index, follow, max-snippet:-1, max-image-preview:large, max-video-preview:-1\" \/>\n<link rel=\"canonical\" href=\"https:\/\/dsp.facmed.unam.mx\/index.php\/documentos-de-interes\/\" \/>\n<meta property=\"og:locale\" content=\"es_ES\" \/>\n<meta property=\"og:type\" content=\"article\" \/>\n<meta property=\"og:title\" content=\"Salud P\u00fablica\" \/>\n<meta property=\"og:description\" content=\"Salud P\u00fablica\" \/>\n<meta property=\"og:url\" content=\"https:\/\/dsp.facmed.unam.mx\/index.php\/documentos-de-interes\/\" \/>\n<meta property=\"og:site_name\" content=\"Salud P\u00fablica\" \/>\n<meta property=\"article:modified_time\" content=\"2022-02-21T17:54:28+00:00\" \/>\n<meta property=\"og:image\" content=\"https:\/\/dsp.facmed.unam.mx\/wp-content\/uploads\/2019\/02\/cropped-logo-dsp.png\" \/>\n\t<meta property=\"og:image:width\" content=\"512\" \/>\n\t<meta property=\"og:image:height\" content=\"512\" \/>\n\t<meta property=\"og:image:type\" content=\"image\/png\" \/>\n<meta name=\"twitter:card\" content=\"summary_large_image\" \/>\n<meta name=\"twitter:label1\" content=\"Tiempo de lectura\" \/>\n\t<meta name=\"twitter:data1\" content=\"4 minutos\" \/>\n<script type=\"application\/ld+json\" class=\"yoast-schema-graph\">{\"@context\":\"https:\/\/schema.org\",\"@graph\":[{\"@type\":\"WebPage\",\"@id\":\"https:\/\/dsp.facmed.unam.mx\/index.php\/documentos-de-interes\/\",\"url\":\"https:\/\/dsp.facmed.unam.mx\/index.php\/documentos-de-interes\/\",\"name\":\"Salud P\u00fablica\",\"isPartOf\":{\"@id\":\"https:\/\/dsp.facmed.unam.mx\/#website\"},\"datePublished\":\"2019-03-01T19:32:56+00:00\",\"dateModified\":\"2022-02-21T17:54:28+00:00\",\"description\":\"Salud P\u00fablica\",\"breadcrumb\":{\"@id\":\"https:\/\/dsp.facmed.unam.mx\/index.php\/documentos-de-interes\/#breadcrumb\"},\"inLanguage\":\"es\",\"potentialAction\":[{\"@type\":\"ReadAction\",\"target\":[\"https:\/\/dsp.facmed.unam.mx\/index.php\/documentos-de-interes\/\"]}]},{\"@type\":\"BreadcrumbList\",\"@id\":\"https:\/\/dsp.facmed.unam.mx\/index.php\/documentos-de-interes\/#breadcrumb\",\"itemListElement\":[{\"@type\":\"ListItem\",\"position\":1,\"name\":\"Portada\",\"item\":\"https:\/\/dsp.facmed.unam.mx\/\"},{\"@type\":\"ListItem\",\"position\":2,\"name\":\"Documentos de Inter\u00e9s\"}]},{\"@type\":\"WebSite\",\"@id\":\"https:\/\/dsp.facmed.unam.mx\/#website\",\"url\":\"https:\/\/dsp.facmed.unam.mx\/\",\"name\":\"SALUD P\u00daBLICA\",\"description\":\"El Departamento de Salud P\u00fablica de la UNAM se dedica a la docencia en medicina, investigaci\u00f3n en salud p\u00fablica y difusi\u00f3n del conocimiento al publico en general\",\"potentialAction\":[{\"@type\":\"SearchAction\",\"target\":{\"@type\":\"EntryPoint\",\"urlTemplate\":\"https:\/\/dsp.facmed.unam.mx\/?s={search_term_string}\"},\"query-input\":{\"@type\":\"PropertyValueSpecification\",\"valueRequired\":true,\"valueName\":\"search_term_string\"}}],\"inLanguage\":\"es\"}]}<\/script>\n<!-- \/ Yoast SEO plugin. -->","yoast_head_json":{"title":"Salud P\u00fablica","description":"Salud P\u00fablica","robots":{"index":"index","follow":"follow","max-snippet":"max-snippet:-1","max-image-preview":"max-image-preview:large","max-video-preview":"max-video-preview:-1"},"canonical":"https:\/\/dsp.facmed.unam.mx\/index.php\/documentos-de-interes\/","og_locale":"es_ES","og_type":"article","og_title":"Salud P\u00fablica","og_description":"Salud P\u00fablica","og_url":"https:\/\/dsp.facmed.unam.mx\/index.php\/documentos-de-interes\/","og_site_name":"Salud P\u00fablica","article_modified_time":"2022-02-21T17:54:28+00:00","og_image":[{"width":512,"height":512,"url":"https:\/\/dsp.facmed.unam.mx\/wp-content\/uploads\/2019\/02\/cropped-logo-dsp.png","type":"image\/png"}],"twitter_card":"summary_large_image","twitter_misc":{"Tiempo de lectura":"4 minutos"},"schema":{"@context":"https:\/\/schema.org","@graph":[{"@type":"WebPage","@id":"https:\/\/dsp.facmed.unam.mx\/index.php\/documentos-de-interes\/","url":"https:\/\/dsp.facmed.unam.mx\/index.php\/documentos-de-interes\/","name":"Salud P\u00fablica","isPartOf":{"@id":"https:\/\/dsp.facmed.unam.mx\/#website"},"datePublished":"2019-03-01T19:32:56+00:00","dateModified":"2022-02-21T17:54:28+00:00","description":"Salud P\u00fablica","breadcrumb":{"@id":"https:\/\/dsp.facmed.unam.mx\/index.php\/documentos-de-interes\/#breadcrumb"},"inLanguage":"es","potentialAction":[{"@type":"ReadAction","target":["https:\/\/dsp.facmed.unam.mx\/index.php\/documentos-de-interes\/"]}]},{"@type":"BreadcrumbList","@id":"https:\/\/dsp.facmed.unam.mx\/index.php\/documentos-de-interes\/#breadcrumb","itemListElement":[{"@type":"ListItem","position":1,"name":"Portada","item":"https:\/\/dsp.facmed.unam.mx\/"},{"@type":"ListItem","position":2,"name":"Documentos de Inter\u00e9s"}]},{"@type":"WebSite","@id":"https:\/\/dsp.facmed.unam.mx\/#website","url":"https:\/\/dsp.facmed.unam.mx\/","name":"SALUD P\u00daBLICA","description":"El Departamento de Salud P\u00fablica de la UNAM se dedica a la docencia en medicina, investigaci\u00f3n en salud p\u00fablica y difusi\u00f3n del conocimiento al publico en general","potentialAction":[{"@type":"SearchAction","target":{"@type":"EntryPoint","urlTemplate":"https:\/\/dsp.facmed.unam.mx\/?s={search_term_string}"},"query-input":{"@type":"PropertyValueSpecification","valueRequired":true,"valueName":"search_term_string"}}],"inLanguage":"es"}]}},"jetpack_sharing_enabled":true,"_links":{"self":[{"href":"https:\/\/dsp.facmed.unam.mx\/index.php\/wp-json\/wp\/v2\/pages\/21093","targetHints":{"allow":["GET"]}}],"collection":[{"href":"https:\/\/dsp.facmed.unam.mx\/index.php\/wp-json\/wp\/v2\/pages"}],"about":[{"href":"https:\/\/dsp.facmed.unam.mx\/index.php\/wp-json\/wp\/v2\/types\/page"}],"author":[{"embeddable":true,"href":"https:\/\/dsp.facmed.unam.mx\/index.php\/wp-json\/wp\/v2\/users\/1"}],"replies":[{"embeddable":true,"href":"https:\/\/dsp.facmed.unam.mx\/index.php\/wp-json\/wp\/v2\/comments?post=21093"}],"version-history":[{"count":38,"href":"https:\/\/dsp.facmed.unam.mx\/index.php\/wp-json\/wp\/v2\/pages\/21093\/revisions"}],"predecessor-version":[{"id":24513,"href":"https:\/\/dsp.facmed.unam.mx\/index.php\/wp-json\/wp\/v2\/pages\/21093\/revisions\/24513"}],"wp:attachment":[{"href":"https:\/\/dsp.facmed.unam.mx\/index.php\/wp-json\/wp\/v2\/media?parent=21093"}],"curies":[{"name":"wp","href":"https:\/\/api.w.org\/{rel}","templated":true}]}}